{"id":2047,"date":"2023-01-15T13:05:23","date_gmt":"2023-01-15T13:05:23","guid":{"rendered":"https:\/\/dbamo.com\/?page_id=2047"},"modified":"2023-07-26T09:24:05","modified_gmt":"2023-07-26T09:24:05","slug":"zdjecia-2023-2023","status":"publish","type":"page","link":"https:\/\/dbamo.com\/index.php\/zdjecia-2023-2023\/","title":{"rendered":"ZDJ\u0118CIA 2023-2023"},"content":{"rendered":"\n<pre class=\"wp-block-preformatted\">Na tej stroni\u0105 mog\u0105 pojawi\u0107 si\u0119 teraz nowe zdj\u0119cia.<\/pre>\n\n\n\n<figure class=\"wp-block-gallery has-nested-images columns-default is-cropped wp-block-gallery-1 is-layout-flex wp-block-gallery-is-layout-flex\">\n<figure class=\"wp-block-image size-large\"><img loading=\"lazy\" decoding=\"async\" width=\"2048\" height=\"1153\" data-id=\"2364\" src=\"https:\/\/dbamo.com\/wp-content\/uploads\/2023\/07\/Zdjecie-WhatsApp-2023-07-08-o-11.47.27.jpg\" alt=\"\" class=\"wp-image-2364\" srcset=\"https:\/\/dbamo.com\/wp-content\/uploads\/2023\/07\/Zdjecie-WhatsApp-2023-07-08-o-11.47.27.jpg 2048w, https:\/\/dbamo.com\/wp-content\/uploads\/2023\/07\/Zdjecie-WhatsApp-2023-07-08-o-11.47.27-300x169.jpg 300w, https:\/\/dbamo.com\/wp-content\/uploads\/2023\/07\/Zdjecie-WhatsApp-2023-07-08-o-11.47.27-1024x577.jpg 1024w, https:\/\/dbamo.com\/wp-content\/uploads\/2023\/07\/Zdjecie-WhatsApp-2023-07-08-o-11.47.27-768x432.jpg 768w, https:\/\/dbamo.com\/wp-content\/uploads\/2023\/07\/Zdjecie-WhatsApp-2023-07-08-o-11.47.27-1536x865.jpg 1536w\" sizes=\"(max-width: 706px) 89vw, (max-width: 767px) 82vw, 740px\" \/><\/figure>\n\n\n\n<figure class=\"wp-block-image size-large\"><img loading=\"lazy\" decoding=\"async\" width=\"822\" height=\"462\" data-id=\"2316\" src=\"https:\/\/dbamo.com\/wp-content\/uploads\/2023\/05\/Sylwester.jpg\" alt=\"\" class=\"wp-image-2316\" srcset=\"https:\/\/dbamo.com\/wp-content\/uploads\/2023\/05\/Sylwester.jpg 822w, https:\/\/dbamo.com\/wp-content\/uploads\/2023\/05\/Sylwester-300x169.jpg 300w, https:\/\/dbamo.com\/wp-content\/uploads\/2023\/05\/Sylwester-768x432.jpg 768w\" sizes=\"(max-width: 706px) 89vw, (max-width: 767px) 82vw, 740px\" \/><\/figure>\n\n\n\n<figure class=\"wp-block-image size-large\"><img loading=\"lazy\" decoding=\"async\" width=\"1156\" height=\"867\" data-id=\"2325\" src=\"https:\/\/dbamo.com\/wp-content\/uploads\/2023\/05\/Zdjecie-WhatsApp-2023-05-02-o-18.30.59.jpg\" alt=\"\" class=\"wp-image-2325\" srcset=\"https:\/\/dbamo.com\/wp-content\/uploads\/2023\/05\/Zdjecie-WhatsApp-2023-05-02-o-18.30.59.jpg 1156w, https:\/\/dbamo.com\/wp-content\/uploads\/2023\/05\/Zdjecie-WhatsApp-2023-05-02-o-18.30.59-300x225.jpg 300w, https:\/\/dbamo.com\/wp-content\/uploads\/2023\/05\/Zdjecie-WhatsApp-2023-05-02-o-18.30.59-1024x768.jpg 1024w, https:\/\/dbamo.com\/wp-content\/uploads\/2023\/05\/Zdjecie-WhatsApp-2023-05-02-o-18.30.59-768x576.jpg 768w\" sizes=\"(max-width: 706px) 89vw, (max-width: 767px) 82vw, 740px\" \/><\/figure>\n\n\n\n<figure class=\"wp-block-image size-large\"><img loading=\"lazy\" decoding=\"async\" width=\"1080\" height=\"815\" data-id=\"2326\" src=\"https:\/\/dbamo.com\/wp-content\/uploads\/2023\/05\/Zdjecie-WhatsApp-2023-05-02-o-18.31.00.jpg\" alt=\"\" class=\"wp-image-2326\" srcset=\"https:\/\/dbamo.com\/wp-content\/uploads\/2023\/05\/Zdjecie-WhatsApp-2023-05-02-o-18.31.00.jpg 1080w, https:\/\/dbamo.com\/wp-content\/uploads\/2023\/05\/Zdjecie-WhatsApp-2023-05-02-o-18.31.00-300x226.jpg 300w, https:\/\/dbamo.com\/wp-content\/uploads\/2023\/05\/Zdjecie-WhatsApp-2023-05-02-o-18.31.00-1024x773.jpg 1024w, https:\/\/dbamo.com\/wp-content\/uploads\/2023\/05\/Zdjecie-WhatsApp-2023-05-02-o-18.31.00-768x580.jpg 768w\" sizes=\"(max-width: 706px) 89vw, (max-width: 767px) 82vw, 740px\" \/><\/figure>\n\n\n\n<figure class=\"wp-block-image size-large\"><img loading=\"lazy\" decoding=\"async\" width=\"1536\" height=\"2048\" data-id=\"2327\" src=\"https:\/\/dbamo.com\/wp-content\/uploads\/2023\/05\/Zdjecie-WhatsApp-2023-05-02-o-18.31.02.jpg\" alt=\"\" class=\"wp-image-2327\" srcset=\"https:\/\/dbamo.com\/wp-content\/uploads\/2023\/05\/Zdjecie-WhatsApp-2023-05-02-o-18.31.02.jpg 1536w, https:\/\/dbamo.com\/wp-content\/uploads\/2023\/05\/Zdjecie-WhatsApp-2023-05-02-o-18.31.02-225x300.jpg 225w, https:\/\/dbamo.com\/wp-content\/uploads\/2023\/05\/Zdjecie-WhatsApp-2023-05-02-o-18.31.02-768x1024.jpg 768w, https:\/\/dbamo.com\/wp-content\/uploads\/2023\/05\/Zdjecie-WhatsApp-2023-05-02-o-18.31.02-1152x1536.jpg 1152w\" sizes=\"(max-width: 706px) 89vw, (max-width: 767px) 82vw, 740px\" \/><\/figure>\n\n\n\n<figure class=\"wp-block-image size-large\"><img loading=\"lazy\" decoding=\"async\" width=\"1080\" height=\"1080\" data-id=\"2360\" src=\"https:\/\/dbamo.com\/wp-content\/uploads\/2023\/06\/Zdjecie-WhatsApp-2023-06-04-o-10.53.05.jpg\" alt=\"\" class=\"wp-image-2360\" srcset=\"https:\/\/dbamo.com\/wp-content\/uploads\/2023\/06\/Zdjecie-WhatsApp-2023-06-04-o-10.53.05.jpg 1080w, https:\/\/dbamo.com\/wp-content\/uploads\/2023\/06\/Zdjecie-WhatsApp-2023-06-04-o-10.53.05-300x300.jpg 300w, https:\/\/dbamo.com\/wp-content\/uploads\/2023\/06\/Zdjecie-WhatsApp-2023-06-04-o-10.53.05-1024x1024.jpg 1024w, https:\/\/dbamo.com\/wp-content\/uploads\/2023\/06\/Zdjecie-WhatsApp-2023-06-04-o-10.53.05-150x150.jpg 150w, https:\/\/dbamo.com\/wp-content\/uploads\/2023\/06\/Zdjecie-WhatsApp-2023-06-04-o-10.53.05-768x768.jpg 768w, https:\/\/dbamo.com\/wp-content\/uploads\/2023\/06\/Zdjecie-WhatsApp-2023-06-04-o-10.53.05-100x100.jpg 100w\" sizes=\"(max-width: 706px) 89vw, (max-width: 767px) 82vw, 740px\" \/><\/figure>\n<\/figure>\n\n\n\n<figure class=\"wp-block-gallery has-nested-images columns-default is-cropped wp-block-gallery-2 is-layout-flex wp-block-gallery-is-layout-flex\">\n<figure class=\"wp-block-image size-large\"><img loading=\"lazy\" decoding=\"async\" width=\"2000\" height=\"1146\" data-id=\"2291\" src=\"https:\/\/dbamo.com\/wp-content\/uploads\/2023\/03\/cropped-Screenshot_20230314_183029_YouTube.jpg\" alt=\"\" class=\"wp-image-2291\" srcset=\"https:\/\/dbamo.com\/wp-content\/uploads\/2023\/03\/cropped-Screenshot_20230314_183029_YouTube.jpg 2000w, https:\/\/dbamo.com\/wp-content\/uploads\/2023\/03\/cropped-Screenshot_20230314_183029_YouTube-300x172.jpg 300w, https:\/\/dbamo.com\/wp-content\/uploads\/2023\/03\/cropped-Screenshot_20230314_183029_YouTube-1024x587.jpg 1024w, https:\/\/dbamo.com\/wp-content\/uploads\/2023\/03\/cropped-Screenshot_20230314_183029_YouTube-768x440.jpg 768w, https:\/\/dbamo.com\/wp-content\/uploads\/2023\/03\/cropped-Screenshot_20230314_183029_YouTube-1536x880.jpg 1536w\" sizes=\"(max-width: 706px) 89vw, (max-width: 767px) 82vw, 740px\" \/><\/figure>\n\n\n\n<figure class=\"wp-block-image size-large\"><img loading=\"lazy\" decoding=\"async\" width=\"2000\" height=\"1200\" data-id=\"2238\" src=\"https:\/\/dbamo.com\/wp-content\/uploads\/2023\/03\/cropped-Zrzut-ekranu-2021-08-19-191157-5.jpg\" alt=\"\" class=\"wp-image-2238\" srcset=\"https:\/\/dbamo.com\/wp-content\/uploads\/2023\/03\/cropped-Zrzut-ekranu-2021-08-19-191157-5.jpg 2000w, https:\/\/dbamo.com\/wp-content\/uploads\/2023\/03\/cropped-Zrzut-ekranu-2021-08-19-191157-5-300x180.jpg 300w, https:\/\/dbamo.com\/wp-content\/uploads\/2023\/03\/cropped-Zrzut-ekranu-2021-08-19-191157-5-1024x614.jpg 1024w, https:\/\/dbamo.com\/wp-content\/uploads\/2023\/03\/cropped-Zrzut-ekranu-2021-08-19-191157-5-768x461.jpg 768w, https:\/\/dbamo.com\/wp-content\/uploads\/2023\/03\/cropped-Zrzut-ekranu-2021-08-19-191157-5-1536x922.jpg 1536w\" sizes=\"(max-width: 706px) 89vw, (max-width: 767px) 82vw, 740px\" \/><\/figure>\n\n\n\n<figure class=\"wp-block-image size-large\"><img loading=\"lazy\" decoding=\"async\" width=\"2000\" height=\"1500\" data-id=\"2102\" src=\"https:\/\/dbamo.com\/wp-content\/uploads\/2023\/01\/dbamo_com.jpg\" alt=\"\" class=\"wp-image-2102\" srcset=\"https:\/\/dbamo.com\/wp-content\/uploads\/2023\/01\/dbamo_com.jpg 2000w, https:\/\/dbamo.com\/wp-content\/uploads\/2023\/01\/dbamo_com-300x225.jpg 300w, https:\/\/dbamo.com\/wp-content\/uploads\/2023\/01\/dbamo_com-1024x768.jpg 1024w, https:\/\/dbamo.com\/wp-content\/uploads\/2023\/01\/dbamo_com-768x576.jpg 768w, https:\/\/dbamo.com\/wp-content\/uploads\/2023\/01\/dbamo_com-1536x1152.jpg 1536w\" sizes=\"(max-width: 706px) 89vw, (max-width: 767px) 82vw, 740px\" \/><\/figure>\n\n\n\n<figure class=\"wp-block-image size-large\"><img loading=\"lazy\" decoding=\"async\" width=\"2111\" height=\"1189\" data-id=\"2057\" src=\"https:\/\/dbamo.com\/wp-content\/uploads\/2023\/01\/20230113_170228.jpg\" alt=\"\" class=\"wp-image-2057\" srcset=\"https:\/\/dbamo.com\/wp-content\/uploads\/2023\/01\/20230113_170228.jpg 2111w, https:\/\/dbamo.com\/wp-content\/uploads\/2023\/01\/20230113_170228-300x169.jpg 300w, https:\/\/dbamo.com\/wp-content\/uploads\/2023\/01\/20230113_170228-1024x577.jpg 1024w, https:\/\/dbamo.com\/wp-content\/uploads\/2023\/01\/20230113_170228-768x433.jpg 768w, https:\/\/dbamo.com\/wp-content\/uploads\/2023\/01\/20230113_170228-1536x865.jpg 1536w, https:\/\/dbamo.com\/wp-content\/uploads\/2023\/01\/20230113_170228-2048x1154.jpg 2048w\" sizes=\"(max-width: 706px) 89vw, (max-width: 767px) 82vw, 740px\" \/><\/figure>\n<\/figure>\n","protected":false},"excerpt":{"rendered":"<p>Na tej stroni\u0105 mog\u0105 pojawi\u0107 si\u0119 teraz nowe zdj\u0119cia.<\/p>\n","protected":false},"author":1,"featured_media":0,"parent":0,"menu_order":0,"comment_status":"closed","ping_status":"closed","template":"","meta":{"_themeisle_gutenberg_block_has_review":false,"footnotes":""},"class_list":["post-2047","page","type-page","status-publish","hentry"],"_links":{"self":[{"href":"https:\/\/dbamo.com\/index.php\/wp-json\/wp\/v2\/pages\/2047"}],"collection":[{"href":"https:\/\/dbamo.com\/index.php\/wp-json\/wp\/v2\/pages"}],"about":[{"href":"https:\/\/dbamo.com\/index.php\/wp-json\/wp\/v2\/types\/page"}],"author":[{"embeddable":true,"href":"https:\/\/dbamo.com\/index.php\/wp-json\/wp\/v2\/users\/1"}],"replies":[{"embeddable":true,"href":"https:\/\/dbamo.com\/index.php\/wp-json\/wp\/v2\/comments?post=2047"}],"version-history":[{"count":8,"href":"https:\/\/dbamo.com\/index.php\/wp-json\/wp\/v2\/pages\/2047\/revisions"}],"predecessor-version":[{"id":2368,"href":"https:\/\/dbamo.com\/index.php\/wp-json\/wp\/v2\/pages\/2047\/revisions\/2368"}],"wp:attachment":[{"href":"https:\/\/dbamo.com\/index.php\/wp-json\/wp\/v2\/media?parent=2047"}],"curies":[{"name":"wp","href":"https:\/\/api.w.org\/{rel}","templated":true}]}}